{"id":481,"date":"2017-01-20T16:09:55","date_gmt":"2017-01-20T16:09:55","guid":{"rendered":"http:\/\/recycle.orionthemes.com\/demo-1\/?page_id=481"},"modified":"2023-03-28T00:48:12","modified_gmt":"2023-03-28T00:48:12","slug":"comment-recycler","status":"publish","type":"page","link":"https:\/\/recycle-global.com\/index.php\/comment-recycler\/","title":{"rendered":"Comment recycler les bouteilles plastiques PET"},"content":{"rendered":"<div id=\"pl-481\"  class=\"panel-layout\" ><div id=\"pg-481-0\"  class=\"panel-grid panel-has-style\" ><div class=\"siteorigin-panels-stretch orion-separator bottom-svg-4 bottom-svg-inside tablet-1-in-row mobile-1-in-row desktop-default text-dark panel-row-style panel-row-style-for-481-0\" data-stretch-type=\"full\" ><div id=\"pgc-481-0-0\"  class=\"panel-grid-cell\" ><div id=\"panel-481-0-0-0\" class=\"so-panel widget widget_sow-editor panel-first-child\" data-index=\"0\" ><div class=\"orion default panel-widget-style panel-widget-style-for-481-0-0-0\" ><div\n\t\t\t\n\t\t\tclass=\"so-widget-sow-editor so-widget-sow-editor-base\"\n\t\t\t\n\t\t>\n<div class=\"siteorigin-widget-tinymce textwidget\">\n\t<p><em><strong>La consommation d\u2019emballages plastiques a \u00e9t\u00e9 multipli\u00e9e par 10 en 10 ans. On en trouve partout, sous toutes les formes et toutes les couleurs. Un v\u00e9ritable enjeu de recyclage et de valorisation de ces d\u00e9chets qui mettent jusqu\u2019\u00e0 1 000 ans pour se d\u00e9composer dans la nature.<\/strong><\/em><\/p>\n<\/div>\n<\/div><\/div><\/div><div id=\"panel-481-0-0-1\" class=\"so-panel widget widget_sow-editor\" data-index=\"1\" ><div class=\"orion default panel-widget-style panel-widget-style-for-481-0-0-1\" ><div\n\t\t\t\n\t\t\tclass=\"so-widget-sow-editor so-widget-sow-editor-base\"\n\t\t\t\n\t\t>\n<div class=\"siteorigin-widget-tinymce textwidget\">\n\t<h4>Qu'est-ce qu'une bouteille en PET ?<\/h4>\n<p>Le\u00a0<strong>PET<\/strong>, ou Poly\u00e9thyl\u00e8ne T\u00e9r\u00e9phtalate, est le\u00a0<strong>polym\u00e8re le plus utilis\u00e9 pour la fabrication de bouteilles en plastique<\/strong>. D\u00e9velopp\u00e9 dans les ann\u00e9es 1990, il est aussi\u00a0<strong>l'un des plus facilement recyclables.<\/strong>\u00a0Il fait partie de la consigne de tri de base des mati\u00e8res plastiques. Sur vos emballages, le PET est symbolis\u00e9 par le chiffre 1 entour\u00e9 des fl\u00e8ches dispos\u00e9es en triangle.<\/p>\n<\/div>\n<\/div><\/div><\/div><div id=\"panel-481-0-0-2\" class=\"so-panel widget widget_sow-editor panel-last-child\" data-index=\"2\" ><div class=\"orion default panel-widget-style panel-widget-style-for-481-0-0-2\" ><div\n\t\t\t\n\t\t\tclass=\"so-widget-sow-editor so-widget-sow-editor-base\"\n\t\t\t\n\t\t>\n<div class=\"siteorigin-widget-tinymce textwidget\">\n\t<h4>Comment valoriser les bouteilles plastiques PET ?<\/h4>\n<p>Malgr\u00e9 une formidable capacit\u00e9 de recyclage et de valorisation, le PET finit encore trop souvent avec les poubelles classiques. Un geste pourtant simple, puisqu\u2019il suffit de les d\u00e9poser dans les sacs plastiques ou les conteneurs pr\u00e9vus \u00e0 cet effet. La grande majorit\u00e9 des communes est d\u00e9sormais \u00e9quip\u00e9e de l\u2019une de ces solutions.<\/p>\n<p>Apr\u00e8s la collecte, les emballages plastiques en PET sont s\u00e9par\u00e9s du reste de la collecte. Les bouteilles sont ensuite achemin\u00e9es vers un centre de traitement. D\u2019abord lav\u00e9es et d\u00e9barrass\u00e9es de leurs \u00e9tiquettes, elles sont ensuite broy\u00e9es sous forme de granules. Une fois purifi\u00e9es, ces paillettes de PET servent de mati\u00e8re premi\u00e8re pour la fabrication de nouvelles bouteilles et emballages en plastique.<\/p>\n<\/div>\n<\/div><\/div><\/div><\/div><\/div><\/div><div id=\"pg-481-1\"  class=\"panel-grid panel-has-style\" ><div class=\"siteorigin-panels-stretch tablet-default mobile-1-in-row text-dark panel-row-style panel-row-style-for-481-1\" style=\"background-position: right bottom; background-repeat: no-repeat; background-size:contain;\" data-stretch-type=\"full\" data-svg-bottom-color=\"#ffffff\" ><div id=\"pgc-481-1-0\"  class=\"panel-grid-cell\" ><div id=\"panel-481-1-0-0\" class=\"so-panel widget widget_orion_image_w panel-first-child panel-last-child\" data-index=\"3\" ><div class=\"orion default panel-widget-style panel-widget-style-for-481-1-0-0\" ><div\n\t\t\t\n\t\t\tclass=\"so-widget-orion_image_w so-widget-orion_image_w-base\"\n\t\t\t\n\t\t>\n<div class=\"image-w relative\">\n\n\t\t\t\t\n\t\t\t\t\t<div class=\"orion_carousel overlay-none overlay-hover-none\">\n\t\t\t\t\t<img loading=\"lazy\" decoding=\"async\" width=\"750\" height=\"500\" src=\"https:\/\/recycle-global.com\/wp-content\/uploads\/2023\/03\/schema-recyclage-plastique-3-750x500.jpg\" class=\"attachment-orion_carousel size-orion_carousel\" alt=\"\" \/>\t\t\t<div class=\"overlay\"><\/div>\n\t\t\t\t\t<\/div>\n\t\t\t\n\t\n\t<div class=\"absolute\">\n\t\t<div class=\"hover-desc table-wrap\">\n\t\t\t<div class=\"cell-wrap\">\n\t\t\t\t<h4 class=\"text-light\"><\/h4>\n\t\t\t<\/div>\n\t\t<\/div>\n\t<\/div>\t\t\t\t\t\n<\/div>\n\n<\/div><\/div><\/div><\/div><\/div><\/div><\/div>","protected":false},"excerpt":{"rendered":"<p>La consommation d\u2019emballages plastiques a \u00e9t\u00e9 multipli\u00e9e par 10 en 10 ans. On en trouve partout, sous toutes les formes et toutes les couleurs. Un v\u00e9ritable enjeu de recyclage et de valorisation de ces d\u00e9chets qui mettent jusqu\u2019\u00e0 1 000 ans pour se d\u00e9composer dans la nature. Qu&rsquo;est-ce qu&rsquo;une bouteille en PET ? Le\u00a0PET, ou<\/p>\n","protected":false},"author":1,"featured_media":0,"parent":0,"menu_order":0,"comment_status":"closed","ping_status":"closed","template":"","meta":{"footnotes":""},"class_list":["post-481","page","type-page","status-publish","hentry"],"_links":{"self":[{"href":"https:\/\/recycle-global.com\/index.php\/wp-json\/wp\/v2\/pages\/481","targetHints":{"allow":["GET"]}}],"collection":[{"href":"https:\/\/recycle-global.com\/index.php\/wp-json\/wp\/v2\/pages"}],"about":[{"href":"https:\/\/recycle-global.com\/index.php\/wp-json\/wp\/v2\/types\/page"}],"author":[{"embeddable":true,"href":"https:\/\/recycle-global.com\/index.php\/wp-json\/wp\/v2\/users\/1"}],"replies":[{"embeddable":true,"href":"https:\/\/recycle-global.com\/index.php\/wp-json\/wp\/v2\/comments?post=481"}],"version-history":[{"count":7,"href":"https:\/\/recycle-global.com\/index.php\/wp-json\/wp\/v2\/pages\/481\/revisions"}],"predecessor-version":[{"id":1535,"href":"https:\/\/recycle-global.com\/index.php\/wp-json\/wp\/v2\/pages\/481\/revisions\/1535"}],"wp:attachment":[{"href":"https:\/\/recycle-global.com\/index.php\/wp-json\/wp\/v2\/media?parent=481"}],"curies":[{"name":"wp","href":"https:\/\/api.w.org\/{rel}","templated":true}]}}