{"id":1009,"date":"2017-04-25T11:55:32","date_gmt":"2017-04-25T11:55:32","guid":{"rendered":"http:\/\/recycle.orionthemes.com\/new-demo-1\/?page_id=1009"},"modified":"2023-03-28T01:21:41","modified_gmt":"2023-03-28T01:21:41","slug":"accueil","status":"publish","type":"page","link":"https:\/\/recycle-global.com\/","title":{"rendered":"Accueil"},"content":{"rendered":"<div id=\"pl-1009\"  class=\"panel-layout\" ><div id=\"pg-1009-0\"  class=\"panel-grid panel-has-style\" ><div class=\"vertical_down orion-parallax siteorigin-panels-stretch tablet-2-in-row mobile-1-in-row desktop-default full-width-on-small-devices full-width-on-tablets overlay-dark panel-row-style panel-row-style-for-1009-0\" data-stretch-type=\"full\" ><div id=\"pgc-1009-0-0\"  class=\"panel-grid-cell panel-grid-cell-mobile-last\" ><div class=\"overlay-c2 panel-cell-style panel-cell-style-for-1009-0-0\" ><div id=\"panel-1009-0-0-0\" class=\"so-panel widget widget_sow-editor panel-first-child panel-last-child\" data-index=\"0\" ><div class=\"orion mobile-text-center text-light panel-widget-style panel-widget-style-for-1009-0-0-0\" ><div\n\t\t\t\n\t\t\tclass=\"so-widget-sow-editor so-widget-sow-editor-base\"\n\t\t\t\n\t\t>\n<div class=\"siteorigin-widget-tinymce textwidget\">\n\t<h1>SARL RECYCLE GLOBAL <\/h1>\n<p class=\"lead\">Recyclage du plastique en PET<\/p>\n<\/div>\n<\/div><\/div><\/div><\/div><\/div><div id=\"pgc-1009-0-1\"  class=\"panel-grid-cell panel-grid-cell-empty\" ><\/div><\/div><\/div><div id=\"pg-1009-1\"  class=\"panel-grid panel-has-style\" ><div class=\"siteorigin-panels-stretch tablet-default mobile-1-in-row panel-row-style panel-row-style-for-1009-1\" data-stretch-type=\"full-stretched\" ><div id=\"pgc-1009-1-0\"  class=\"panel-grid-cell\" ><div id=\"panel-1009-1-0-0\" class=\"so-panel widget widget_orion_features_w panel-first-child panel-last-child\" data-index=\"1\" ><div class=\"orion default panel-widget-style panel-widget-style-for-1009-1-0-0\" ><div\n\t\t\t\n\t\t\tclass=\"so-widget-orion_features_w so-widget-orion_features_w-base\"\n\t\t\t\n\t\t>\n<div class=\"features-wrap has_borders\">\n\t<div class=\"table-wrap\">\n\t\t<div class=\"wrap-2 clearfix row\">\n\t\t\t\t\t\t\n\t\t\t\t\t\t\n\t\t\t<div class=\"feature-item clearfix has-bg text-center col-md-3 col-sm-6 text-dark\" style=border-color:#f2f4f4;>\n\t\t\t\t<div class=\"overflow-hidden\">\n\t\t\t\t\t<div class=\"feature-item-wrap table-wrap no-toggle\">\t\t\n\t\t\t\t\t\t<div class=\"overlay-wrap\" style=\"background-color: rgba(255,255,255,0.9);\">\n\t\t\t\t\t\t<\/div>\n\t\t\t\t\t\t<div class=\"image-overlay-wrap\">\n\t\t\t\t\t\t<\/div>\n\t\t\t\t\t\t<div class=\"table-cell\" style=\"height:360px;\">\n\t\t\t\t\t\t\t<div class=\"header\">\n\t\t\t\t\t\t\t\t<span class=\"sow-icon-genericons\" data-sow-icon=\"&#xf420;\"\n\t\tstyle=\"color: #22aa86\" \n\t\taria-hidden=\"true\"><\/span><a class=\"primary-hover\" href=\"#\"><h5 class=\"item-title primary-hover\">Gestion des d\u00e9chets<\/h5><\/a>\t\t\t\t\t\t\t<\/div>\n\t\t\t\t\t\t\t<div class=\"footer\">\n\t\t\t\t\t\t\t\t<p>\n\t\t\t\t\t\t\t\t\t\t\t\t\t\t\t\t\t<\/p>\t\n\t\t\t\t\t\t\t\t\t\t\t\t\t\t\t<\/div>\n\t\t\t\t\t\t<\/div>\n\t\t\t\t\t<\/div>\n\t\t\t\t<\/div>\n\n\t\t\t<\/div>\n\t\t\t\t\t\n\t\t\t\t\t\t\n\t\t\t<div class=\"feature-item clearfix has-bg text-center col-md-3 col-sm-6 text-dark\" style=border-color:#f2f4f4;>\n\t\t\t\t<div class=\"overflow-hidden\">\n\t\t\t\t\t<div class=\"feature-item-wrap table-wrap no-toggle\">\t\t\n\t\t\t\t\t\t<div class=\"overlay-wrap\" style=\"background-color: rgba(255,255,255,0.9);\">\n\t\t\t\t\t\t<\/div>\n\t\t\t\t\t\t<div class=\"image-overlay-wrap\">\n\t\t\t\t\t\t<\/div>\n\t\t\t\t\t\t<div class=\"table-cell\" style=\"height:360px;\">\n\t\t\t\t\t\t\t<div class=\"header\">\n\t\t\t\t\t\t\t\t<span class=\"sow-icon-fontawesome sow-fas\" data-sow-icon=\"&#xf1b8;\"\n\t\tstyle=\"color: #22AA86\" \n\t\taria-hidden=\"true\"><\/span><h5 class=\"item-title\">Services de recyclage<\/h5>\t\t\t\t\t\t\t<\/div>\n\t\t\t\t\t\t\t<div class=\"footer\">\n\t\t\t\t\t\t\t\t<p>\n\t\t\t\t\t\t\t\t\t\t\t\t\t\t\t\t\t<\/p>\t\n\t\t\t\t\t\t\t\t\t\t\t\t\t\t\t<\/div>\n\t\t\t\t\t\t<\/div>\n\t\t\t\t\t<\/div>\n\t\t\t\t<\/div>\n\n\t\t\t<\/div>\n\t\t\t\t\t\n\t\t\t\t\t\t\n\t\t\t<div class=\"feature-item clearfix has-bg text-center col-md-3 col-sm-6 text-dark\" style=border-color:#f2f4f4;>\n\t\t\t\t<div class=\"overflow-hidden\">\n\t\t\t\t\t<div class=\"feature-item-wrap table-wrap no-toggle\">\t\t\n\t\t\t\t\t\t<div class=\"overlay-wrap\" style=\"background-color: rgba(255,255,255,0.9);\">\n\t\t\t\t\t\t<\/div>\n\t\t\t\t\t\t<div class=\"image-overlay-wrap\">\n\t\t\t\t\t\t<\/div>\n\t\t\t\t\t\t<div class=\"table-cell\" style=\"height:360px;\">\n\t\t\t\t\t\t\t<div class=\"header\">\n\t\t\t\t\t\t\t\t<span class=\"sow-icon-fontawesome sow-fas\" data-sow-icon=\"&#xf06c;\"\n\t\tstyle=\"color: #22AA86\" \n\t\taria-hidden=\"true\"><\/span><h5 class=\"item-title\">Qualit\u00e9 environnementale<\/h5>\t\t\t\t\t\t\t<\/div>\n\t\t\t\t\t\t\t<div class=\"footer\">\n\t\t\t\t\t\t\t\t<p>\n\t\t\t\t\t\t\t\t\t\t\t\t\t\t\t\t\t<\/p>\t\n\t\t\t\t\t\t\t\t\t\t\t\t\t\t\t<\/div>\n\t\t\t\t\t\t<\/div>\n\t\t\t\t\t<\/div>\n\t\t\t\t<\/div>\n\n\t\t\t<\/div>\n\t\t\t\t\t\n\t\t\t\t\t\t\n\t\t\t<div class=\"feature-item clearfix has-bg text-center col-md-3 col-sm-6 text-dark\" style=border-color:#f2f4f4;>\n\t\t\t\t<div class=\"overflow-hidden\">\n\t\t\t\t\t<div class=\"feature-item-wrap table-wrap no-toggle\">\t\t\n\t\t\t\t\t\t<div class=\"overlay-wrap\" style=\"background-color: rgba(255,255,255,0.9);\">\n\t\t\t\t\t\t<\/div>\n\t\t\t\t\t\t<div class=\"image-overlay-wrap\">\n\t\t\t\t\t\t<\/div>\n\t\t\t\t\t\t<div class=\"table-cell\" style=\"height:360px;\">\n\t\t\t\t\t\t\t<div class=\"header\">\n\t\t\t\t\t\t\t\t<span class=\"sow-icon-fontawesome sow-fas\" data-sow-icon=\"&#xf0ac;\"\n\t\tstyle=\"color: #1b8bb7\" \n\t\taria-hidden=\"true\"><\/span><h5 class=\"item-title\">Durabilit\u00e9<\/h5>\t\t\t\t\t\t\t<\/div>\n\t\t\t\t\t\t\t<div class=\"footer\">\n\t\t\t\t\t\t\t\t<p>\n\t\t\t\t\t\t\t\t\t\t\t\t\t\t\t\t\t<\/p>\t\n\t\t\t\t\t\t\t\t\t\t\t\t\t\t\t<\/div>\n\t\t\t\t\t\t<\/div>\n\t\t\t\t\t<\/div>\n\t\t\t\t<\/div>\n\n\t\t\t<\/div>\n\t\t\t\t<\/div>\n\t\t<\/div>\n\n<\/div><\/div><\/div><\/div><\/div><\/div><\/div><div id=\"pg-1009-2\"  class=\"panel-grid panel-has-style\" ><div class=\"siteorigin-panels-stretch tablet-default mobile-1-in-row overlay-light panel-row-style panel-row-style-for-1009-2\" style=\"background-position: center center; background-repeat: no-repeat; background-size:cover;\" data-stretch-type=\"full\" ><div id=\"pgc-1009-2-0\"  class=\"panel-grid-cell\" ><div id=\"panel-1009-2-0-0\" class=\"so-panel widget widget_orion_heading_w panel-first-child\" data-index=\"2\" ><div class=\"orion default panel-widget-style panel-widget-style-for-1009-2-0-0\" ><div\n\t\t\t\n\t\t\tclass=\"so-widget-orion_heading_w so-widget-orion_heading_w-base\"\n\t\t\t\n\t\t>\n\t\n\t\t\n\t<div class=\"row orion-heading\" style=\"margin-bottom:0px;\">\n\t\t<div class=\"col-md-12   text-center style-h2 style-primary-color\">\n\t\t\t<h2 class=\"primary-color text-uppercase\">\n\t\t\t\t<strong>SARL RECYCLE GLOBAL<\/strong>\t\t\t<\/h2>\n\t\t<\/div>\n\t<\/div>\n\n\t<\/div><\/div><\/div><div id=\"panel-1009-2-0-1\" class=\"so-panel widget widget_sow-editor panel-last-child\" data-index=\"3\" ><div class=\"orion remove-padding-mobile default panel-widget-style panel-widget-style-for-1009-2-0-1\" ><div\n\t\t\t\n\t\t\tclass=\"so-widget-sow-editor so-widget-sow-editor-base\"\n\t\t\t\n\t\t>\n<div class=\"siteorigin-widget-tinymce textwidget\">\n\t<p class=\"lead\" style=\"text-align: center;\"><em>Ensemble, am\u00e9liorons durablement le recyclage des emballages plastiques.<\/em><\/p>\n<\/div>\n<\/div><\/div><\/div><\/div><\/div><\/div><div id=\"pg-1009-3\"  class=\"panel-grid panel-has-style\" ><div class=\"orion-collapse-right-top siteorigin-panels-stretch tablet-1-in-row mobile-1-in-row full-width-on-small-devices full-width-on-tablets overlay-c1 orion-collapse-below-lg panel-row-style panel-row-style-for-1009-3\" style=\"background-position: center center; background-repeat: no-repeat; background-size:cover;\" data-stretch-type=\"full\" ><div id=\"pgc-1009-3-0\"  class=\"panel-grid-cell\" ><div class=\"panel-cell-style panel-cell-style-for-1009-3-0\" ><div id=\"panel-1009-3-0-0\" class=\"so-panel widget widget_orion_image_w panel-first-child panel-last-child\" data-index=\"4\" ><div class=\"orion default panel-widget-style panel-widget-style-for-1009-3-0-0\" ><div\n\t\t\t\n\t\t\tclass=\"so-widget-orion_image_w so-widget-orion_image_w-base\"\n\t\t\t\n\t\t>\n<div class=\"image-w relative\">\n\n\t\t\t\t\n\t\t\t\t\t<div class=\"orion_carousel overlay-none overlay-hover-none\">\n\t\t\t\t\t<img loading=\"lazy\" decoding=\"async\" width=\"750\" height=\"500\" src=\"https:\/\/recycle-global.com\/wp-content\/uploads\/2023\/03\/acc-2-750x500.png\" class=\"attachment-orion_carousel size-orion_carousel\" alt=\"\" \/>\t\t\t<div class=\"overlay\"><\/div>\n\t\t\t\t\t<\/div>\n\t\t\t\n\t\n\t<div class=\"absolute\">\n\t\t<div class=\"hover-desc table-wrap\">\n\t\t\t<div class=\"cell-wrap\">\n\t\t\t\t<h4 class=\"text-light\"><\/h4>\n\t\t\t<\/div>\n\t\t<\/div>\n\t<\/div>\t\t\t\t\t\n<\/div>\n\n<\/div><\/div><\/div><\/div><\/div><div id=\"pgc-1009-3-1\"  class=\"panel-grid-cell\" ><div class=\"panel-cell-style panel-cell-style-for-1009-3-1\" ><div id=\"panel-1009-3-1-0\" class=\"so-panel widget widget_orion_icon_text_w panel-first-child panel-last-child\" data-index=\"5\" ><div class=\"orion default panel-widget-style panel-widget-style-for-1009-3-1-0\" ><div\n\t\t\t\n\t\t\tclass=\"so-widget-orion_icon_text_w so-widget-orion_icon_text_w-base\"\n\t\t\t\n\t\t>\n<div class=\"row icon-box-items-wrap grid short\">\n \n\t\n\t\t\n\t\t\n\t\t\t\t\n\t\t\n\t\t<div class=\"icon-box-wrap clearfix col-lg-12 col-sm-12 text-left text-light\" style=\"margin-bottom:60px;\">\t\t\n\n\t\t\t\t\t\t\t\t\t\t<a href=\"#\"  class=\"icon-wrap absolute text-left simple\">\n\t\t\t\t\t<span class=\"sow-icon-environmental\" data-sow-icon=\"&#xe910;\"\n\t\tstyle=\"color: #ffffff\" \n\t\taria-hidden=\"true\"><\/span>\t\t\t\t\t\t\t\t\t<\/a>\n\t\t\t\n\t\t\t\t\t\t\n\n\t\t\t<span class=\"description\">SARL RECYCLE GLOBAL, une entreprise vers\u00e9e dans le recyclage et la valorisation de l\u2019emballage en PET (poly\u00e9thyl\u00e8ne) de la collecte s\u00e9lective . Le recyclage du plastique est un enjeu environnemental plan\u00e9taire. Face \u00e0 la surconsommation et \u00e0 la pollution des \u00e9cosyst\u00e8mes, Lorsqu'on adopte le recyclage au lieu de l\u2019incin\u00e9ration ou la mise en d\u00e9charge non seulement on participe activement \u00e0 la pr\u00e9servation de l\u2019environnement mais surtout on multiplie par 10 le nombre d\u2019emplois cr\u00e9\u00e9s.<\/span>\n\n\t\t<\/div>\n\t\n<\/div><\/div><\/div><\/div><\/div><\/div><\/div><\/div><div id=\"pg-1009-4\"  class=\"panel-grid panel-has-style\" ><div class=\"siteorigin-panels-stretch tablet-1-in-row mobile-1-in-row panel-row-style panel-row-style-for-1009-4\" style=\"background-position: right bottom; background-repeat: no-repeat; background-size:contain;\" data-stretch-type=\"full\" ><div id=\"pgc-1009-4-0\"  class=\"panel-grid-cell\" ><div id=\"panel-1009-4-0-0\" class=\"so-panel widget widget_orion_heading_w panel-first-child\" data-index=\"6\" ><div class=\"orion default panel-widget-style panel-widget-style-for-1009-4-0-0\" ><div\n\t\t\t\n\t\t\tclass=\"so-widget-orion_heading_w so-widget-orion_heading_w-base\"\n\t\t\t\n\t\t>\n\t\n\t\t\n\t<div class=\"row orion-heading\" style=\"margin-bottom:0px;\">\n\t\t<div class=\"col-md-12   text-left style-h2 style-primary-color\">\n\t\t\t<h2 class=\"primary-color text-uppercase\">\n\t\t\t\t<strong>Tout savoir sur le recyclage des bouteilles plastiques<\/strong>\t\t\t<\/h2>\n\t\t<\/div>\n\t<\/div>\n\n\t<\/div><\/div><\/div><div id=\"panel-1009-4-0-1\" class=\"so-panel widget widget_sow-editor panel-last-child\" data-index=\"7\" ><div class=\"orion default panel-widget-style panel-widget-style-for-1009-4-0-1\" ><div\n\t\t\t\n\t\t\tclass=\"so-widget-sow-editor so-widget-sow-editor-base\"\n\t\t\t\n\t\t>\n<div class=\"siteorigin-widget-tinymce textwidget\">\n\t<p class=\"lead\"><em>Tri, collecte, valorisation des bouteilles d\u2019eau, soda, jus de fruit\u2026Tri, collecte, valorisation des bouteilles d\u2019eau, soda, jus de fruit\u2026<\/em><\/p>\n<p>Depuis le d\u00e9but des ann\u00e9es 90, le plastique PET (poly\u00e9thyl\u00e8ne t\u00e9r\u00e9phtalate) a remplac\u00e9 le PVC pour la fabrication des bouteilles d\u2019eau, de sodas, de jus d\u2019orange et autres boissons\u2026 Particuli\u00e8rement r\u00e9sistant, l\u00e9ger et inalt\u00e9rable, il est aussi 100 % recyclable et ce jusqu\u2019\u00e0 l\u2019infini. Ce mat\u00e9riau plastique est m\u00eame devenu le plus recycl\u00e9 au monde.<\/p>\n<\/div>\n<\/div><\/div><\/div><\/div><div id=\"pgc-1009-4-1\"  class=\"panel-grid-cell\" ><div id=\"panel-1009-4-1-0\" class=\"so-panel widget widget_orion_list_w panel-first-child panel-last-child\" data-index=\"8\" ><div class=\"orion default panel-widget-style panel-widget-style-for-1009-4-1-0\" ><div\n\t\t\t\n\t\t\tclass=\"so-widget-orion_list_w so-widget-orion_list_w-base\"\n\t\t\t\n\t\t><div class=\"row button-wrap\">\n\t\n\t<div class=\"list-wrap col-md-12\">\n\t\t<ul class=\"no-liststyle size-normal\" style=\"background:transparent\">\n\t\t\t\t\n\t\t<li class=\"text-default\" >\n\t\t\t\t\t\t\t<span class=\"icon\">\n\t\t\t\t\t<span class=\"sow-icon-fontawesome sow-fas\" data-sow-icon=\"&#xf06c;\"\n\t\tstyle=\"color: #22AA86\" \n\t\taria-hidden=\"true\"><\/span>\t\t\t\t<\/span>\n\t\t\t\t\t\t\t\u00c9co-conception\t\t<\/li>\t\n\n\t\t\t\t\n\t\t<li class=\"text-default\" >\n\t\t\t\t\t\t\t<span class=\"icon\">\n\t\t\t\t\t<span class=\"sow-icon-fontawesome sow-fas\" data-sow-icon=\"&#xf06c;\"\n\t\tstyle=\"color: #22AA86\" \n\t\taria-hidden=\"true\"><\/span>\t\t\t\t<\/span>\n\t\t\t\t\t\t\tReprise du plastique\t\t<\/li>\t\n\n\t\t\t\t\n\t\t<li class=\"text-default\" >\n\t\t\t\t\t\t\t<span class=\"icon\">\n\t\t\t\t\t<span class=\"sow-icon-fontawesome sow-fas\" data-sow-icon=\"&#xf06c;\"\n\t\tstyle=\"color: #22AA86\" \n\t\taria-hidden=\"true\"><\/span>\t\t\t\t<\/span>\n\t\t\t\t\t\t\tAssurance qualit\u00e9\t\t<\/li>\t\n\n\t\t\t\t\n\t\t<li class=\"text-default\" >\n\t\t\t\t\t\t\t<span class=\"icon\">\n\t\t\t\t\t<span class=\"sow-icon-fontawesome sow-fas\" data-sow-icon=\"&#xf06c;\"\n\t\tstyle=\"color: #22AA86\" \n\t\taria-hidden=\"true\"><\/span>\t\t\t\t<\/span>\n\t\t\t\t\t\t\tAccompagnement en communication\t\t<\/li>\t\n\n\t\t\t\t\n\t\t<li class=\"text-default\" >\n\t\t\t\t\t\t\t<span class=\"icon\">\n\t\t\t\t\t<span class=\"sow-icon-fontawesome sow-fas\" data-sow-icon=\"&#xf06c;\"\n\t\tstyle=\"color: #22AA86\" \n\t\taria-hidden=\"true\"><\/span>\t\t\t\t<\/span>\n\t\t\t\t\t\t\tVente du plastique\t\t<\/li>\t\n\n\t\t\t<\/ul>\n\t<\/div>\n<\/div><\/div><\/div><\/div><\/div><\/div><\/div><div id=\"pg-1009-5\"  class=\"panel-grid panel-has-style\" ><div class=\"siteorigin-panels-stretch tablet-default mobile-1-in-row panel-row-style panel-row-style-for-1009-5\" style=\"background-position: center center; background-repeat: no-repeat; background-size:cover;\" data-stretch-type=\"full\" ><div id=\"pgc-1009-5-0\"  class=\"panel-grid-cell\" ><div id=\"panel-1009-5-0-0\" class=\"so-panel widget widget_orion_testimonial_w panel-first-child panel-last-child\" data-index=\"9\" ><div class=\"orion default panel-widget-style panel-widget-style-for-1009-5-0-0\" ><div\n\t\t\t\n\t\t\tclass=\"so-widget-orion_testimonial_w so-widget-orion_testimonial_w-base\"\n\t\t\t\n\t\t>\n\n<div class=\"orion-testimonial row grid text-dark\">\n\n\n\t<div class=\"wrapper clearfix\" >\n\t\t\t\n\t\t\t\t\t<div class=\"article item col-md-4 col-sm-6\">\n\t\t\t\t<div class=\"wrapper row\" style='background-color:rgba(242,244,244,1); border-radius: 4px;  padding: 15px; margin-right: 0px; margin-left: 0; padding-top: 24px; padding-bottom: 24px;'>\n\t\t\t\t\n\t\t\t\t\t\t\t\t\t<div class=\"description col-md-12 \">\n\t\t\t\t\t\tLe recyclage des bouteilles en plastique PET offre des secondes vies surprenantes. Les granul\u00e9s de PET permettent de fabriquer de nouvelles bouteilles plastiques mais aussi de la ouate pour rembourrer des couettes, des sacs de couchage, des peluches\u2026\t\t\t\t\t<\/div>\n\t\t\t\t\t\t\t\n\t\t\t\t\t\t\t\t<\/div>\n\t\t\t<\/div>\n\t\t\t\t\t<div class=\"article item col-md-4 col-sm-6\">\n\t\t\t\t<div class=\"wrapper row\" style='background-color:rgba(242,244,244,1); border-radius: 4px;  padding: 15px; margin-right: 0px; margin-left: 0; padding-top: 24px; padding-bottom: 24px;'>\n\t\t\t\t\n\t\t\t\t\t\t\t\t\t<div class=\"description col-md-12 \">\n\t\t\t\t\t\tLe PET est \u00e9galement valoris\u00e9 sous forme de mousse expansive isolante pour prot\u00e9ger les maisons du froid ou de la chaleur. Tout aussi \u00e9tonnant, il entre d\u00e9sormais dans la conception de certaines pi\u00e8ces des v\u00e9hicules : pare-chocs ou production de mat\u00e9riaux pour l\u2019habitacle.\t\t\t\t\t<\/div>\n\t\t\t\t\t\t\t\n\t\t\t\t\t\t\t\t<\/div>\n\t\t\t<\/div>\n\t\t\t\t\t<div class=\"article item col-md-4 col-sm-6\">\n\t\t\t\t<div class=\"wrapper row\" style='background-color:rgba(242,244,244,1); border-radius: 4px;  padding: 15px; margin-right: 0px; margin-left: 0; padding-top: 24px; padding-bottom: 24px;'>\n\t\t\t\t\n\t\t\t\t\t\t\t\t\t<div class=\"description col-md-12 \">\n\t\t\t\t\t\tIl faut environ 1 000 ans pour qu\u2019une bouteille en plastique se d\u00e9grade dans la nature. Les d\u00e9chets plastiques repr\u00e9sentent un r\u00e9el danger pour l\u2019environnement, notamment les mers et les oc\u00e9ans largement pollu\u00e9s par les populations du monde entier. \t\t\t\t\t<\/div>\n\t\t\t\t\t\t\t\n\t\t\t\t\t\t\t\t<\/div>\n\t\t\t<\/div>\n\t\t\t\t\t<\/div>\t<!-- wrapper -->\n<\/div>\t<!-- testimonials --><\/div><\/div><\/div><\/div><\/div><\/div><\/div>","protected":false},"excerpt":{"rendered":"<p>SARL RECYCLE GLOBAL Recyclage du plastique en PET<\/p>\n","protected":false},"author":1,"featured_media":0,"parent":0,"menu_order":0,"comment_status":"closed","ping_status":"closed","template":"","meta":{"footnotes":""},"class_list":["post-1009","page","type-page","status-publish","hentry"],"_links":{"self":[{"href":"https:\/\/recycle-global.com\/index.php\/wp-json\/wp\/v2\/pages\/1009","targetHints":{"allow":["GET"]}}],"collection":[{"href":"https:\/\/recycle-global.com\/index.php\/wp-json\/wp\/v2\/pages"}],"about":[{"href":"https:\/\/recycle-global.com\/index.php\/wp-json\/wp\/v2\/types\/page"}],"author":[{"embeddable":true,"href":"https:\/\/recycle-global.com\/index.php\/wp-json\/wp\/v2\/users\/1"}],"replies":[{"embeddable":true,"href":"https:\/\/recycle-global.com\/index.php\/wp-json\/wp\/v2\/comments?post=1009"}],"version-history":[{"count":20,"href":"https:\/\/recycle-global.com\/index.php\/wp-json\/wp\/v2\/pages\/1009\/revisions"}],"predecessor-version":[{"id":1567,"href":"https:\/\/recycle-global.com\/index.php\/wp-json\/wp\/v2\/pages\/1009\/revisions\/1567"}],"wp:attachment":[{"href":"https:\/\/recycle-global.com\/index.php\/wp-json\/wp\/v2\/media?parent=1009"}],"curies":[{"name":"wp","href":"https:\/\/api.w.org\/{rel}","templated":true}]}}